{"id":19713,"date":"2020-04-30T10:10:20","date_gmt":"2020-04-30T08:10:20","guid":{"rendered":"https:\/\/www.rhuven.com\/?page_id=19713"},"modified":"2025-07-13T14:34:55","modified_gmt":"2025-07-13T12:34:55","slug":"temes-legals-a-la-xarxa","status":"publish","type":"page","link":"https:\/\/www.rhuven.com\/ca\/temes-legals-a-la-xarxa\/","title":{"rendered":"Temes legals a la xarxa"},"content":{"rendered":"<section class=\"l-section wpb_row height_huge full_height valign_center color_secondary with_video\"><div id=\"us_bg_video_gf7a\" class=\"l-section-video\"><script id=\"us_bg_video_gf7a-script\">!function(w){var node = document.getElementById( 'us_bg_video_gf7a' );if ( w.innerWidth <= 1 ) { node.remove() }}(window);<\/script><style>@media(max-width:1px){#us_bg_video_gf7a{display:none!important}}<\/style><video  autoplay loop muted playsinline preload=\"auto\" tabindex=\"-1\"><source type=\"video\/mp4\" src=\"https:\/\/www.rhuven.com\/wp-content\/uploads\/2025\/07\/freepik__plano-dinmico-de-seguimiento-un-horizonte-urbano-f__29553.mp4\" \/><\/video><\/div><div class=\"l-section-overlay\" style=\"background:linear-gradient(300deg, #000 0%,rgba(0,0,0,0.52) 100%)\"><\/div><div class=\"l-section-h i-cf\"><div class=\"g-cols vc_row via_grid cols_1 laptops-cols_inherit tablets-cols_1 mobiles-cols_1 valign_middle type_default reversed stacking_default\" style=\"--columns-gap:0rem;\"><div class=\"wpb_column vc_column_container us_custom_fd43344c\"><div class=\"vc_column-inner\"><div class=\"w-text us_custom_bd19e6aa has_text_color\"><span class=\"w-text-h\"><span class=\"w-text-value\">RHUVEN<\/span><\/span><\/div><div class=\"w-separator size_small\"><\/div><h1 class=\"w-text us_custom_87c42a28 has_text_color\"><span class=\"w-text-h\"><span class=\"w-text-value\">Adaptaci\u00f3 Legal per al teu Projecte Web<\/span><\/span><\/h1><div class=\"wpb_text_column us_custom_29eda462\"><div class=\"wpb_wrapper\"><p>Col\u00b7laborem amb un despatx especialitzat en temes legals per a projectes en l\u00ednia.<\/p>\n<\/div><\/div><div class=\"w-hwrapper valign_middle wrap align_none\" style=\"--hwrapper-gap:3rem\"><div class=\"w-btn-wrapper align_none\"><a class=\"w-btn us-btn-style_1 us_custom_0207f80c\" href=\"#1\"><span class=\"w-btn-label\">Parlem?<\/span><\/a><\/div><\/div><\/div><\/div><\/div><\/div><\/section><section class=\"l-section wpb_row height_large\"><div class=\"l-section-h i-cf\"><div class=\"g-cols vc_row via_grid cols_1 laptops-cols_inherit tablets-cols_2 mobiles-cols_1 valign_top type_default stacking_default\" style=\"--columns-gap:30px;\"><div class=\"wpb_column vc_column_container\"><div class=\"vc_column-inner\"><div class=\"w-separator size_custom\" style=\"height:\" id=\"kf59\"><style>@media(max-width:1024px){ #kf59{height:20px!important}}@media(max-width:600px){ #kf59{height:20px!important}}<\/style><\/div><div class=\"wpb_text_column\"><div class=\"wpb_wrapper\"><h1 style=\"text-align: left;\"><span style=\"color: #c6a04f;\"><strong>Adaptaci\u00f3 Legal per al teu Projecte Web<\/strong><\/span><\/h1>\n<p style=\"text-align: left;\"><strong>Adaptaci\u00f3 Legal per al teu Projecte Web<\/strong> , un dels grans oblidats:<\/p>\n<p style=\"text-align: left;\">En primer lloc, com a <strong>estudi de <a href=\"https:\/\/www.rhuven.com\/agencia-de-diseno-web-badalona\/\">disseny web<\/a><\/strong> treballem amb tot tipus de projectes i clients, en la majoria dels casos, la nostra feina s&#8217;acaba quan acabem el <strong>disseny de la seva p\u00e0gina web<\/strong> <strong>.<\/strong><\/p>\n<p style=\"text-align: left;\">Nosaltres col\u00b7laborem amb un <strong>despatx jur\u00eddic online<\/strong> que desenvolupa la seva activitat a tots els camps del dret, amb especial atenci\u00f3 a les interrelacions entre la faceta legal i internet i les noves tecnologies. Per tant, no oblidem la import\u00e0ncia de complir legalment amb totes les nostres obligacions.<\/p>\n<div id=\"pageContainer3\" class=\"page\">\n<div id=\"textLayer3\" class=\"textLayer\">\n<p style=\"text-align: left;\">La missi\u00f3 del despatx jur\u00eddic \u00e9s prestar serveis a clients que cerquen un assessorament jur\u00eddic personalitzat i especialitzat. Sabem que el primer \u00e9s escoltar i, per tant, comprendre la situaci\u00f3 del client. Per aix\u00f2 els nostres principis s\u00f3n:<\/p>\n<ul style=\"text-align: left;\">\n<li style=\"text-align: left;\"><strong>Alta especialitzaci\u00f3<\/strong> davant de diferents \u00e0rees jur\u00eddiques.<\/li>\n<li style=\"text-align: left;\"><strong>Millora cont\u00ednua del coneixement<\/strong> .<\/li>\n<li style=\"text-align: left;\">Enfocament multidisciplinari, amb visions enriquidores i creatives, com a conseq\u00fc\u00e8ncia podem aportar el valor afegit m\u00e9s gran als nostres clients.<\/li>\n<li style=\"text-align: left;\"><strong>Efic\u00e0cia i efici\u00e8ncia en la prestaci\u00f3 del servei<\/strong> , mitjan\u00e7ant:<br \/>\n <strong>Agilitat en la resposta<\/strong> . <strong>Interlocuci\u00f3 fluida<\/strong> .<\/li>\n<\/ul>\n<p style=\"text-align: left;\">Finalment us detallem <strong>com us poden ajudar al camp legal, del vostre projecte web.<\/strong><\/p>\n<h2 style=\"text-align: left;\"><strong> <span style=\"color: #c6a04f;\">Serveis d&#8217;adaptaci\u00f3 legal per al teu projecte web:<\/span><\/strong><\/h2>\n<ul style=\"text-align: left;\">\n<li style=\"text-align: left;\">Estudis davant de la viabilitat legal i adequaci\u00f3 a la legalitat vigent.<\/li>\n<li style=\"text-align: left;\">Adequaci\u00f3 a la <strong><a href=\"https:\/\/es.wikipedia.org\/wiki\/Ley_Org%C3%A1nica_de_Protecci%C3%B3n_de_Datos_de_Car%C3%A1cter_Personal_(Espa%C3%B1a)\" target=\"_blank\" rel=\"noopener noreferrer\">LOPD<\/a><\/strong> : cl\u00e0usules, consentiments i tamb\u00e9 mesures de seguretat.<\/li>\n<li style=\"text-align: left;\">Adequaci\u00f3 a la <strong><a href=\"https:\/\/es.wikipedia.org\/wiki\/Ley_de_Servicios_de_la_Sociedad_de_Informaci%C3%B3n_de_Espa%C3%B1a\" target=\"_blank\" rel=\"noopener noreferrer\">LSSI<\/a><\/strong> : avisos legals, a m\u00e9s dels processos de contractaci\u00f3 online.<\/li>\n<li style=\"text-align: left;\">Assessorament davant del desenvolupament de solucions de signatura electr\u00f2nica, plataformes de contractaci\u00f3 on-line.<\/li>\n<li style=\"text-align: left;\">Assist\u00e8ncia legal davant de l&#8217;execuci\u00f3 de projectes de factura electr\u00f2nica.<\/li>\n<li style=\"text-align: left;\">Assist\u00e8ncia legal en la protecci\u00f3 de p\u00e0gines web, noms de domini, a m\u00e9s de continguts i programari.<\/li>\n<li style=\"text-align: left;\">Assist\u00e8ncia legal al registre, protecci\u00f3 i reclamaci\u00f3 de marques.<\/li>\n<li style=\"text-align: left;\">Assessorament en el compliment de codis de conducta i, finalment, en bones pr\u00e0ctiques.<\/li>\n<\/ul>\n<div style=\"text-align: left;\"><strong>Adaptaci\u00f3 Legal del teu Projecte Web:<\/strong><\/div>\n<div style=\"text-align: left;\"><\/div>\n<ul>\n<li style=\"text-align: left;\">Adequaci\u00f3 a la LOPD: cl\u00e0usules, consentiments, contractes de cessi\u00f3 de dades i mesures de seguretat.<\/li>\n<li style=\"text-align: left;\">Adequaci\u00f3 a la LSSI: avisos legals, pol\u00edtica de privadesa, processos de contractaci\u00f3 online i tamb\u00e9 \u201cllei de cookies\u201d.<\/li>\n<li style=\"text-align: left;\">Finalment, redacci\u00f3 condicions generals de contractaci\u00f3.<\/li>\n<\/ul>\n<\/div>\n<\/div>\n<\/div><\/div><div class=\"w-separator size_custom\" style=\"height:\" id=\"l6d7\"><style>@media(max-width:1024px){ #l6d7{height:20px!important}}@media(max-width:600px){ #l6d7{height:20px!important}}<\/style><\/div><\/div><\/div><\/div><\/div><\/section>\n","protected":false},"excerpt":{"rendered":"RHUVENAdaptaci\u00f3 Legal per al teu Projecte WebCol\u00b7laborem amb un despatx especialitzat en temes legals per a projectes en l\u00ednia. Parlem?Adaptaci\u00f3 Legal per al teu Projecte Web Adaptaci\u00f3 Legal per al teu Projecte Web , un dels grans oblidats: En primer lloc, com a estudi de disseny web treballem amb tot tipus de projectes i clients,...","protected":false},"author":1,"featured_media":23972,"parent":0,"menu_order":0,"comment_status":"closed","ping_status":"closed","template":"","meta":{"_joinchat":[],"footnotes":""},"class_list":["post-19713","page","type-page","status-publish","has-post-thumbnail","hentry"],"yoast_head":"<!-- This site is optimized with the Yoast SEO plugin v27.5 - https:\/\/yoast.com\/product\/yoast-seo-wordpress\/ -->\n<title>Adaptaci\u00f3 Legal per al teu Projecte Web, advocats en dret online.<\/title>\n<meta name=\"description\" content=\"Oferim assessorament i adaptaci\u00f3 legal pel teu projecte web. Col\u00b7laborem amb un despatx especialitzat en dret digital.\" \/>\n<meta name=\"robots\" content=\"noindex, follow\" \/>\n<meta property=\"og:locale\" content=\"ca_ES\" \/>\n<meta property=\"og:type\" content=\"article\" \/>\n<meta property=\"og:title\" content=\"Adaptaci\u00f3 Legal per al teu Projecte Web, advocats en dret online.\" \/>\n<meta property=\"og:description\" content=\"Oferim assessorament i adaptaci\u00f3 legal pel teu projecte web. Col\u00b7laborem amb un despatx especialitzat en dret digital.\" \/>\n<meta property=\"og:url\" content=\"https:\/\/www.rhuven.com\/ca\/temes-legals-a-la-xarxa\/\" \/>\n<meta property=\"og:site_name\" content=\"Rhuven\" \/>\n<meta property=\"article:publisher\" content=\"https:\/\/www.facebook.com\/RubenBretones\" \/>\n<meta property=\"article:modified_time\" content=\"2025-07-13T12:34:55+00:00\" \/>\n<meta property=\"og:image\" content=\"https:\/\/www.rhuven.com\/wp-content\/uploads\/2015\/06\/diseno-web-sevilla.jpg\" \/>\n<meta name=\"twitter:card\" content=\"summary_large_image\" \/>\n<meta name=\"twitter:site\" content=\"@rhuven_design\" \/>\n<meta name=\"twitter:label1\" content=\"Temps estimat de lectura\" \/>\n\t<meta name=\"twitter:data1\" content=\"3 minuts\" \/>\n<script type=\"application\/ld+json\" class=\"yoast-schema-graph\">{\"@context\":\"https:\\\/\\\/schema.org\",\"@graph\":[{\"@type\":\"WebPage\",\"@id\":\"https:\\\/\\\/www.rhuven.com\\\/ca\\\/temes-legals-a-la-xarxa\\\/\",\"url\":\"https:\\\/\\\/www.rhuven.com\\\/ca\\\/temes-legals-a-la-xarxa\\\/\",\"name\":\"Adaptaci\u00f3 Legal per al teu Projecte Web, advocats en dret online.\",\"isPartOf\":{\"@id\":\"https:\\\/\\\/www.rhuven.com\\\/ca\\\/#website\"},\"primaryImageOfPage\":{\"@id\":\"https:\\\/\\\/www.rhuven.com\\\/ca\\\/temes-legals-a-la-xarxa\\\/#primaryimage\"},\"image\":{\"@id\":\"https:\\\/\\\/www.rhuven.com\\\/ca\\\/temes-legals-a-la-xarxa\\\/#primaryimage\"},\"thumbnailUrl\":\"https:\\\/\\\/www.rhuven.com\\\/wp-content\\\/uploads\\\/2025\\\/07\\\/3-1.jpg\",\"datePublished\":\"2020-04-30T08:10:20+00:00\",\"dateModified\":\"2025-07-13T12:34:55+00:00\",\"description\":\"Oferim assessorament i adaptaci\u00f3 legal pel teu projecte web. Col\u00b7laborem amb un despatx especialitzat en dret digital.\",\"breadcrumb\":{\"@id\":\"https:\\\/\\\/www.rhuven.com\\\/ca\\\/temes-legals-a-la-xarxa\\\/#breadcrumb\"},\"inLanguage\":\"ca\",\"potentialAction\":[{\"@type\":\"ReadAction\",\"target\":[\"https:\\\/\\\/www.rhuven.com\\\/ca\\\/temes-legals-a-la-xarxa\\\/\"]}]},{\"@type\":\"ImageObject\",\"inLanguage\":\"ca\",\"@id\":\"https:\\\/\\\/www.rhuven.com\\\/ca\\\/temes-legals-a-la-xarxa\\\/#primaryimage\",\"url\":\"https:\\\/\\\/www.rhuven.com\\\/wp-content\\\/uploads\\\/2025\\\/07\\\/3-1.jpg\",\"contentUrl\":\"https:\\\/\\\/www.rhuven.com\\\/wp-content\\\/uploads\\\/2025\\\/07\\\/3-1.jpg\",\"width\":1000,\"height\":1000,\"caption\":\"Adaptaci\u00f3n Legal para tu Proyecto Web\"},{\"@type\":\"BreadcrumbList\",\"@id\":\"https:\\\/\\\/www.rhuven.com\\\/ca\\\/temes-legals-a-la-xarxa\\\/#breadcrumb\",\"itemListElement\":[{\"@type\":\"ListItem\",\"position\":1,\"name\":\"Portada\",\"item\":\"https:\\\/\\\/www.rhuven.com\\\/ca\\\/disseny-web-barcelona\\\/\"},{\"@type\":\"ListItem\",\"position\":2,\"name\":\"Temes legals a la xarxa\"}]},{\"@type\":\"WebSite\",\"@id\":\"https:\\\/\\\/www.rhuven.com\\\/ca\\\/#website\",\"url\":\"https:\\\/\\\/www.rhuven.com\\\/ca\\\/\",\"name\":\"Rhuven.com\",\"description\":\"Dise\u00f1o web Barcelona\",\"publisher\":{\"@id\":\"https:\\\/\\\/www.rhuven.com\\\/ca\\\/#organization\"},\"alternateName\":\"Rhuven\",\"potentialAction\":[{\"@type\":\"SearchAction\",\"target\":{\"@type\":\"EntryPoint\",\"urlTemplate\":\"https:\\\/\\\/www.rhuven.com\\\/ca\\\/?s={search_term_string}\"},\"query-input\":{\"@type\":\"PropertyValueSpecification\",\"valueRequired\":true,\"valueName\":\"search_term_string\"}}],\"inLanguage\":\"ca\"},{\"@type\":\"Organization\",\"@id\":\"https:\\\/\\\/www.rhuven.com\\\/ca\\\/#organization\",\"name\":\"Rhuven\",\"url\":\"https:\\\/\\\/www.rhuven.com\\\/ca\\\/\",\"logo\":{\"@type\":\"ImageObject\",\"inLanguage\":\"ca\",\"@id\":\"https:\\\/\\\/www.rhuven.com\\\/ca\\\/#\\\/schema\\\/logo\\\/image\\\/\",\"url\":\"https:\\\/\\\/www.rhuven.com\\\/wp-content\\\/uploads\\\/2016\\\/05\\\/logo_rhuven2.png\",\"contentUrl\":\"https:\\\/\\\/www.rhuven.com\\\/wp-content\\\/uploads\\\/2016\\\/05\\\/logo_rhuven2.png\",\"width\":198,\"height\":198,\"caption\":\"Rhuven\"},\"image\":{\"@id\":\"https:\\\/\\\/www.rhuven.com\\\/ca\\\/#\\\/schema\\\/logo\\\/image\\\/\"},\"sameAs\":[\"https:\\\/\\\/www.facebook.com\\\/RubenBretones\",\"https:\\\/\\\/x.com\\\/rhuven_design\",\"https:\\\/\\\/www.instagram.com\\\/rhuven_design\\\/\",\"https:\\\/\\\/www.linkedin.com\\\/in\\\/rubenbretones\",\"https:\\\/\\\/myspace.com\\\/rhuven_desing\",\"https:\\\/\\\/es.pinterest.com\\\/RhuvenDesign\\\/\",\"https:\\\/\\\/www.youtube.com\\\/c\\\/Rub\u00e9nBretones\"]}]}<\/script>\n<!-- \/ Yoast SEO plugin. -->","yoast_head_json":{"title":"Adaptaci\u00f3 Legal per al teu Projecte Web, advocats en dret online.","description":"Oferim assessorament i adaptaci\u00f3 legal pel teu projecte web. Col\u00b7laborem amb un despatx especialitzat en dret digital.","robots":{"index":"noindex","follow":"follow"},"og_locale":"ca_ES","og_type":"article","og_title":"Adaptaci\u00f3 Legal per al teu Projecte Web, advocats en dret online.","og_description":"Oferim assessorament i adaptaci\u00f3 legal pel teu projecte web. Col\u00b7laborem amb un despatx especialitzat en dret digital.","og_url":"https:\/\/www.rhuven.com\/ca\/temes-legals-a-la-xarxa\/","og_site_name":"Rhuven","article_publisher":"https:\/\/www.facebook.com\/RubenBretones","article_modified_time":"2025-07-13T12:34:55+00:00","og_image":[{"url":"https:\/\/www.rhuven.com\/wp-content\/uploads\/2015\/06\/diseno-web-sevilla.jpg","type":"","width":"","height":""}],"twitter_card":"summary_large_image","twitter_site":"@rhuven_design","twitter_misc":{"Temps estimat de lectura":"3 minuts"},"schema":{"@context":"https:\/\/schema.org","@graph":[{"@type":"WebPage","@id":"https:\/\/www.rhuven.com\/ca\/temes-legals-a-la-xarxa\/","url":"https:\/\/www.rhuven.com\/ca\/temes-legals-a-la-xarxa\/","name":"Adaptaci\u00f3 Legal per al teu Projecte Web, advocats en dret online.","isPartOf":{"@id":"https:\/\/www.rhuven.com\/ca\/#website"},"primaryImageOfPage":{"@id":"https:\/\/www.rhuven.com\/ca\/temes-legals-a-la-xarxa\/#primaryimage"},"image":{"@id":"https:\/\/www.rhuven.com\/ca\/temes-legals-a-la-xarxa\/#primaryimage"},"thumbnailUrl":"https:\/\/www.rhuven.com\/wp-content\/uploads\/2025\/07\/3-1.jpg","datePublished":"2020-04-30T08:10:20+00:00","dateModified":"2025-07-13T12:34:55+00:00","description":"Oferim assessorament i adaptaci\u00f3 legal pel teu projecte web. Col\u00b7laborem amb un despatx especialitzat en dret digital.","breadcrumb":{"@id":"https:\/\/www.rhuven.com\/ca\/temes-legals-a-la-xarxa\/#breadcrumb"},"inLanguage":"ca","potentialAction":[{"@type":"ReadAction","target":["https:\/\/www.rhuven.com\/ca\/temes-legals-a-la-xarxa\/"]}]},{"@type":"ImageObject","inLanguage":"ca","@id":"https:\/\/www.rhuven.com\/ca\/temes-legals-a-la-xarxa\/#primaryimage","url":"https:\/\/www.rhuven.com\/wp-content\/uploads\/2025\/07\/3-1.jpg","contentUrl":"https:\/\/www.rhuven.com\/wp-content\/uploads\/2025\/07\/3-1.jpg","width":1000,"height":1000,"caption":"Adaptaci\u00f3n Legal para tu Proyecto Web"},{"@type":"BreadcrumbList","@id":"https:\/\/www.rhuven.com\/ca\/temes-legals-a-la-xarxa\/#breadcrumb","itemListElement":[{"@type":"ListItem","position":1,"name":"Portada","item":"https:\/\/www.rhuven.com\/ca\/disseny-web-barcelona\/"},{"@type":"ListItem","position":2,"name":"Temes legals a la xarxa"}]},{"@type":"WebSite","@id":"https:\/\/www.rhuven.com\/ca\/#website","url":"https:\/\/www.rhuven.com\/ca\/","name":"Rhuven.com","description":"Dise\u00f1o web Barcelona","publisher":{"@id":"https:\/\/www.rhuven.com\/ca\/#organization"},"alternateName":"Rhuven","potentialAction":[{"@type":"SearchAction","target":{"@type":"EntryPoint","urlTemplate":"https:\/\/www.rhuven.com\/ca\/?s={search_term_string}"},"query-input":{"@type":"PropertyValueSpecification","valueRequired":true,"valueName":"search_term_string"}}],"inLanguage":"ca"},{"@type":"Organization","@id":"https:\/\/www.rhuven.com\/ca\/#organization","name":"Rhuven","url":"https:\/\/www.rhuven.com\/ca\/","logo":{"@type":"ImageObject","inLanguage":"ca","@id":"https:\/\/www.rhuven.com\/ca\/#\/schema\/logo\/image\/","url":"https:\/\/www.rhuven.com\/wp-content\/uploads\/2016\/05\/logo_rhuven2.png","contentUrl":"https:\/\/www.rhuven.com\/wp-content\/uploads\/2016\/05\/logo_rhuven2.png","width":198,"height":198,"caption":"Rhuven"},"image":{"@id":"https:\/\/www.rhuven.com\/ca\/#\/schema\/logo\/image\/"},"sameAs":["https:\/\/www.facebook.com\/RubenBretones","https:\/\/x.com\/rhuven_design","https:\/\/www.instagram.com\/rhuven_design\/","https:\/\/www.linkedin.com\/in\/rubenbretones","https:\/\/myspace.com\/rhuven_desing","https:\/\/es.pinterest.com\/RhuvenDesign\/","https:\/\/www.youtube.com\/c\/Rub\u00e9nBretones"]}]}},"_links":{"self":[{"href":"https:\/\/www.rhuven.com\/ca\/wp-json\/wp\/v2\/pages\/19713","targetHints":{"allow":["GET"]}}],"collection":[{"href":"https:\/\/www.rhuven.com\/ca\/wp-json\/wp\/v2\/pages"}],"about":[{"href":"https:\/\/www.rhuven.com\/ca\/wp-json\/wp\/v2\/types\/page"}],"author":[{"embeddable":true,"href":"https:\/\/www.rhuven.com\/ca\/wp-json\/wp\/v2\/users\/1"}],"replies":[{"embeddable":true,"href":"https:\/\/www.rhuven.com\/ca\/wp-json\/wp\/v2\/comments?post=19713"}],"version-history":[{"count":0,"href":"https:\/\/www.rhuven.com\/ca\/wp-json\/wp\/v2\/pages\/19713\/revisions"}],"wp:featuredmedia":[{"embeddable":true,"href":"https:\/\/www.rhuven.com\/ca\/wp-json\/wp\/v2\/media\/23972"}],"wp:attachment":[{"href":"https:\/\/www.rhuven.com\/ca\/wp-json\/wp\/v2\/media?parent=19713"}],"curies":[{"name":"wp","href":"https:\/\/api.w.org\/{rel}","templated":true}]}}